{"id":65,"date":"2016-06-17T10:29:26","date_gmt":"2016-06-17T08:29:26","guid":{"rendered":"http:\/\/hdtm.hr\/?page_id=65"},"modified":"2016-06-27T13:58:42","modified_gmt":"2016-06-27T11:58:42","slug":"kontakt","status":"publish","type":"page","link":"https:\/\/hdtm.hr\/wordpress\/kontakt\/","title":{"rendered":"Kontakt"},"content":{"rendered":"<h3>Kontakt email<\/h3>\n<p>info@hdtm.hr<\/p>\n<p>tajnik@hdtm.hr<\/p>\n<p>predsjednik@hdtm.hr<\/p>\n<p>&nbsp;<\/p>\n<h3>Kontakt adrese<\/h3>\n<h4>HLZ<\/h4>\n<ul>\n<li>\u0160ubi\u0107eva 9, Zagreb<\/li>\n<\/ul>\n<h4>KB Merkur<\/h4>\n<ul>\n<li>Klini\u010dka bolnica Merkur<\/li>\n<li>Zaj\u010deva 19, 10000 Zagreb<\/li>\n<li>Hrvatska<\/li>\n<\/ul>\n","protected":false},"excerpt":{"rendered":"<p>Kontakt email info@hdtm.hr tajnik@hdtm.hr predsjednik@hdtm.hr &nbsp; Kontakt adrese HLZ \u0160ubi\u0107eva 9, Zagreb KB Merkur Klini\u010dka bolnica Merkur Zaj\u010deva 19, 10000 Zagreb Hrvatska<\/p>\n","protected":false},"author":1,"featured_media":0,"parent":0,"menu_order":0,"comment_status":"closed","ping_status":"closed","template":"","meta":[],"_links":{"self":[{"href":"https:\/\/hdtm.hr\/wordpress\/wp-json\/wp\/v2\/pages\/65"}],"collection":[{"href":"https:\/\/hdtm.hr\/wordpress\/wp-json\/wp\/v2\/pages"}],"about":[{"href":"https:\/\/hdtm.hr\/wordpress\/wp-json\/wp\/v2\/types\/page"}],"author":[{"embeddable":true,"href":"https:\/\/hdtm.hr\/wordpress\/wp-json\/wp\/v2\/users\/1"}],"replies":[{"embeddable":true,"href":"https:\/\/hdtm.hr\/wordpress\/wp-json\/wp\/v2\/comments?post=65"}],"version-history":[{"count":5,"href":"https:\/\/hdtm.hr\/wordpress\/wp-json\/wp\/v2\/pages\/65\/revisions"}],"predecessor-version":[{"id":88,"href":"https:\/\/hdtm.hr\/wordpress\/wp-json\/wp\/v2\/pages\/65\/revisions\/88"}],"wp:attachment":[{"href":"https:\/\/hdtm.hr\/wordpress\/wp-json\/wp\/v2\/media?parent=65"}],"curies":[{"name":"wp","href":"https:\/\/api.w.org\/{rel}","templated":true}]}}