{"id":20,"date":"2016-05-31T09:49:55","date_gmt":"2016-05-31T07:49:55","guid":{"rendered":"http:\/\/hdtm.hr\/?page_id=20"},"modified":"2016-06-17T10:20:18","modified_gmt":"2016-06-17T08:20:18","slug":"povjerenstva","status":"publish","type":"page","link":"https:\/\/hdtm.hr\/wordpress\/povjerenstva\/","title":{"rendered":"Povjerenstva"},"content":{"rendered":"<div class=\"su-spoiler su-spoiler-style-simple su-spoiler-icon-plus\" data-scroll-offset=\"0\" data-anchor-in-url=\"no\"><div class=\"su-spoiler-title\" tabindex=\"0\" role=\"button\"><span class=\"su-spoiler-icon\"><\/span>Povjerenstvo za transplantaciju jetre<\/div><div class=\"su-spoiler-content su-u-clearfix su-u-trim\">\n<h3>Predsjednik<\/h3>\n<p>Prim. Branislav Kocman, dr. med., KB Merkur, Zaj\u010deva 19, Zagreb<\/p>\n<h3>\u010clanovi<\/h3>\n<p>Doc. dr. sc. Marijana \u0106ori\u0107, dr. med., KBC Zagreb, Ki\u0161pati\u0107eva 12, Zagreb<\/p>\n<p>Doc. dr. sc. Tajana Filipec Kani\u017eaj, dr. med., KB Merkur, Zaj\u010deva 19,<\/p>\n<p>Prof. dr. sc. Slavko Ga\u0161parov, dr. med., KB Merkur, Zaj\u010deva 19, Zagreb<\/p>\n<p>Dr. sc. Ante Gojevi\u0107, dr. med., KBC Zagreb, Ki\u0161pati\u0107eva 12, Zagreb<\/p>\n<p>Denis Gu\u0161tin, dr. med., KB Merkur, Zaj\u010deva 19, Zagreb<\/p>\n<p>Dr. sc. Stipislav Jadrijevi\u0107, dr. med. prof. v.\u0161., KB Merkur, Zaj\u010deva 19, Zagreb<\/p>\n<p>Prof. dr. sc. Tomislav Lueti\u0107, dr. med., KBC Zagreb, Ki\u0161pati\u0107eva 12, Zagreb<\/p>\n<p>Dr. sc. Danko Mikuli\u0107, dr. med., KB Merkur, Zaj\u010deva 19, Zagreb<\/p>\n<p>Mr. sc. Mirjana Miri\u0107, dr. med., KBC Zagreb, Ki\u0161pati\u0107eva 12, Zagreb<\/p>\n<p>Marina Premu\u017ei\u0107, dr. med., KBC Zagreb, Ki\u0161pati\u0107eva 12, Zagreb<\/p>\n<p>Dr. sc. Nikola Sobo\u010dan, dr. med., KB Merkur, Zaj\u010deva 19, Zagreb<\/p>\n<p>Prof. dr. sc. Mate \u0160kegro, dr. med., KBC Zagreb, Ki\u0161pati\u0107eva 12, Zagreb<\/p>\n<p>Prof. dr. sc. Jurica Vukovi\u0107. dr. med., KBC Zagreb, Ki\u0161pati\u0107eva 12, Zagreb<br \/>\n<\/div><\/div>\n<div class=\"su-spoiler su-spoiler-style-simple su-spoiler-icon-plus su-spoiler-closed\" data-scroll-offset=\"0\" data-anchor-in-url=\"no\"><div class=\"su-spoiler-title\" tabindex=\"0\" role=\"button\"><span class=\"su-spoiler-icon\"><\/span>Povjerenstvo za transplantaciju torakalnih organa<\/div><div class=\"su-spoiler-content su-u-clearfix su-u-trim\">\n<h3>Predsjednik<\/h3>\n<p>Prof. dr. sc. \u017deljko Sutli\u0107, dr. med., KB Dubrava, Av. G. \u0160u\u0161ka 6, Zagreb<\/p>\n<h3>\u010clanovi<\/h3>\n<p>Akademik Davor MIli\u010di\u0107, dr. med., KBC Zagreb, Ki\u0161pati\u0107eva 12, Zagreb<\/p>\n<p>Prof. dr. sc. Bojan Bio\u010dina, dr. med., KBC Zagreb, Ki\u0161pati\u0107eva 12, Zagreb<\/p>\n<p>Doc. dr. sc. Hrvoje Ga\u0161parovi\u0107, dr. med., KBC Zagreb, Ki\u0161pati\u0107eva 12, Zagreb<\/p>\n<p>Doc. dr. sc. Maja \u010cike\u0161, dr. med., KBC Zagreb, Ki\u0161pati\u0107eva 12, Zagreb<\/p>\n<p>Prof. dr. sc. Miroslav Samar\u017eija, dr. med., KBC Zagreb, Ki\u0161pati\u0107eva 12, Zagreb<\/p>\n<p>Zoran Janevski, dr. med., KBC Zagreb, Ki\u0161pati\u0107eva 12, Zagreb<\/p>\n<p>Doc. dr. sc. Boris Star\u010devi\u0107, dr. med., KB Dubrava, Av. G. \u0160u\u0161ka 6, Zagreb<\/p>\n<p>Mario Udovi\u010di\u0107, dr. med., KB Dubrava, Av. G. \u0160u\u0161ka 6, Zagreb<\/p>\n<p>Prof. dr. sc. Dinko Stan\u010di\u0107 Rokotov , dr. med., KBC Zagreb, Ki\u0161pati\u0107eva 12, Zagreb<\/p>\n<p>Doc. dr. sc. Igor Rude\u017e, dr. med., KB Dubrava, Av. G. \u0160u\u0161ka 6, Zagreb<\/p>\n<p>Doc. dr. sc. Jozica \u0160iki\u0107, dr. med., KB Dubrava, Av. G. \u0160u\u0161ka 6, Zagreb<\/p>\n<p>Prim. Danijel Planinc, dr. med., KBC Sestre milosrdnice, Vinogradska c. 29, Zagreb<br \/>\n<\/div><\/div>\n<div class=\"su-spoiler su-spoiler-style-simple su-spoiler-icon-plus su-spoiler-closed\" data-scroll-offset=\"0\" data-anchor-in-url=\"no\"><div class=\"su-spoiler-title\" tabindex=\"0\" role=\"button\"><span class=\"su-spoiler-icon\"><\/span>Povjerenstvo za transplantaciju bubrega, gu\u0161tera\u010de i tipizaciju tkiva<\/div><div class=\"su-spoiler-content su-u-clearfix su-u-trim\">\n<h3>Predsjednica<\/h3>\n<p>Prof. dr. sc. Nikolina Ba\u0161i\u0107 Juki\u0107, dr. med., KBC Zagreb, Ki\u0161pati\u0107eva 12,<\/p>\n<h3>\u010clanovi<\/h3>\n<p>Iva Ba\u010dak Kocman, dr. med., KBC Zagreb, Ki\u0161pati\u0107eva 12, Zagreb<\/p>\n<p>Silvana Bo\u0161njak, dr. med., KBC Osijek, J. Huttlera 4, Osijek<\/p>\n<p>Dr. sc. Tvrtko Hudolin, dr. med., KBC Zagreb, Ki\u0161pati\u0107eva 12, Zagreb<\/p>\n<p>Mladen Ivanovski, dr. med., KBC RIjeka, T. Stri\u017ei\u0107a 3, Rijeka<\/p>\n<p>Lea Katalini\u0107, dr. med., KBC Zagreb, Ki\u0161pati\u0107eva 12, Zagreb<\/p>\n<p>Prof. dr. sc. Mladen Knotek, dr. med., KB Merkur, Zaj\u010deva 19, Zagreb<\/p>\n<p>Doc. dr. sc. Dean Marki\u0107, dr. med., KBC RIjeka, T. Stri\u017ei\u0107a 3, Rijeka<\/p>\n<p>Mirko Poljak, dr. med., KB Merkur, Zaj\u010deva 19, Zagreb<\/p>\n<p>Dr. sc. Damir Prli\u0107, dr. med., KBC Osijek, J. Huttlera 4, Osijek<\/p>\n<p>Prof. dr. sc. Sanjin Ra\u010dki, dr. med., KBC RIjeka, T. Stri\u017ei\u0107a 3, Rijeka<\/p>\n<p>Marija Topalovi\u0107-Grkovi\u0107, dr. med., KBC Zagreb, Ki\u0161pati\u0107eva 12, Zagreb<\/p>\n<p>Prof. prim. dr. sc. Lada Zibar, dr. med., KBC Osijek, J. Huttlera 4, Osijek<\/p>\n<p>Doc. dr. sc. Renata \u017dunec, KBC Zagreb, Ki\u0161pati\u0107eva 12, Zagreb<br \/>\n<\/div><\/div>\n<div class=\"su-spoiler su-spoiler-style-simple su-spoiler-icon-plus su-spoiler-closed\" data-scroll-offset=\"0\" data-anchor-in-url=\"no\"><div class=\"su-spoiler-title\" tabindex=\"0\" role=\"button\"><span class=\"su-spoiler-icon\"><\/span>Povjerenstvo za etiku<\/div><div class=\"su-spoiler-content su-u-clearfix su-u-trim\">\n<h3>Predsjednica<\/h3>\n<p>Prof. prim. dr. sc. Lada Zibar, dr. med., KBC Osijek, J. Huttlera 4, Osijek<\/p>\n<h3>\u010clanovi<\/h3>\n<p>Mr. sc. Ljubica Bubi\u0107 FIlipi, dr. med., KBC Zagreb, Ki\u0161pati\u0107eva 12, Zagreb<\/p>\n<p>Prof. dr. sc. Mladen Knotek, dr. med., KB Merkur, Zaj\u010deva 19, Zagreb<\/p>\n<p>Prim. Branka Sladoje Martinovi\u0107, dr. med., KBC RIjeka, T. Stri\u017ei\u0107a 3, Rijeka<\/p>\n<p>Doc. dr. sc. Josipa Radi\u0107, dr. med., KBC Split, Spin\u010di\u0107eva 1, Split<\/p>\n<p>Marina Premu\u017ei\u0107, dr. med., KBC Zagreb, Ki\u0161pati\u0107eva 12, Zagreb<\/p>\n<p>Silvana Bo\u0161njak, dr. med., J. Huttlera 4, Osijek<\/p>\n<p>sc. Daniel Uni\u0107, dr. med., KB Dubrava, Av. G. \u0160u\u0161ka 6, Zagreb<\/p>\n<p>Prof. dr. sc. Josip Pasini, dr. med., KBC Zagreb, Ki\u0161pati\u0107eva 12, Zagreb<\/p>\n<p>Dr. sc. Dinko Hauptman, dr. med., KBC Zagreb, Ki\u0161pati\u0107eva 12, Zagreb<\/p>\n<p>Doc. dr. sc. Tajana FIlipec Kani\u017eaj, dr. med., KB Merkur, Zaj\u010deva 19, Zagreb<\/p>\n<p>Jasna Brezak, dr. med., KBC Zagreb, Ki\u0161pati\u0107eva 12, Zagreb<\/p>\n<p>Akademik Davor Mili\u010di\u0107, dr. med., KBC Zagreb, Ki\u0161pati\u0107eva 12, Zagreb<\/p>\n<p>Mirko Poljak, dr. med., KB Merkur, Zaj\u010deva 19, Zagreb<br \/>\n<\/div><\/div>\n<div class=\"su-spoiler su-spoiler-style-simple su-spoiler-icon-plus su-spoiler-closed\" data-scroll-offset=\"0\" data-anchor-in-url=\"no\"><div class=\"su-spoiler-title\" tabindex=\"0\" role=\"button\"><span class=\"su-spoiler-icon\"><\/span>Povjerenstvo za eksplantaciju organa<\/div><div class=\"su-spoiler-content su-u-clearfix su-u-trim\">\n<h3>Predsjednik<\/h3>\n<p>Prof. dr. sc. \u017deljko \u017dupan, dr. med., KBC RIjeka, T. Stri\u017ei\u0107a 3, Rijeka<\/p>\n<h3>\u010clanovi<\/h3>\n<\/div><\/div>\n<h3><\/h3>\n","protected":false},"excerpt":{"rendered":"","protected":false},"author":1,"featured_media":0,"parent":0,"menu_order":0,"comment_status":"closed","ping_status":"closed","template":"","meta":[],"_links":{"self":[{"href":"https:\/\/hdtm.hr\/wordpress\/wp-json\/wp\/v2\/pages\/20"}],"collection":[{"href":"https:\/\/hdtm.hr\/wordpress\/wp-json\/wp\/v2\/pages"}],"about":[{"href":"https:\/\/hdtm.hr\/wordpress\/wp-json\/wp\/v2\/types\/page"}],"author":[{"embeddable":true,"href":"https:\/\/hdtm.hr\/wordpress\/wp-json\/wp\/v2\/users\/1"}],"replies":[{"embeddable":true,"href":"https:\/\/hdtm.hr\/wordpress\/wp-json\/wp\/v2\/comments?post=20"}],"version-history":[{"count":9,"href":"https:\/\/hdtm.hr\/wordpress\/wp-json\/wp\/v2\/pages\/20\/revisions"}],"predecessor-version":[{"id":64,"href":"https:\/\/hdtm.hr\/wordpress\/wp-json\/wp\/v2\/pages\/20\/revisions\/64"}],"wp:attachment":[{"href":"https:\/\/hdtm.hr\/wordpress\/wp-json\/wp\/v2\/media?parent=20"}],"curies":[{"name":"wp","href":"https:\/\/api.w.org\/{rel}","templated":true}]}}