{"id":18,"date":"2016-05-31T09:49:47","date_gmt":"2016-05-31T07:49:47","guid":{"rendered":"http:\/\/hdtm.hr\/?page_id=18"},"modified":"2016-05-31T09:52:21","modified_gmt":"2016-05-31T07:52:21","slug":"uprava","status":"publish","type":"page","link":"https:\/\/hdtm.hr\/wordpress\/uprava\/","title":{"rendered":"Uprava"},"content":{"rendered":"<h3>Predsjednik<\/h3>\n<p>Prim. Branislav Kocman, dr. med., KB Merkur, Zaj\u010deva 19, Zagreb<\/p>\n<h3>Prvi dopredsjednik<\/h3>\n<p>Prof. dr. sc. \u017deljko Ka\u0161telan, dr. med., KBC Zagreb, Ki\u0161pati\u0107eva 12, Zagreb<\/p>\n<h3>Drugi dopredsjednik<\/h3>\n<p>Prof. dr. sc. \u017deljko \u017dupan, dr. med., KBC Rijeka, T. Stri\u017ei\u0107a 3, Rijeka<\/p>\n<h3>Rizni\u010dar<\/h3>\n<p>Dr. sc. Stipislav Jadrijevi\u0107, dr. med. prof. v.\u0161., KB Merkur, Zaj\u010deva 19, Zagreb<\/p>\n<h3>Tajnik<\/h3>\n<p>Dr. sc. Danko Mikuli\u0107, dr. med., KB Merkur, Zaj\u010deva 19, Zagreb<\/p>\n<h3>Upravni odbor<\/h3>\n<p>Prof. dr. sc. Nikolina Ba\u0161i\u0107 Juki\u0107, dr. med., KBC Zagreb, Ki\u0161pati\u0107eva 12, Zagreb<\/p>\n<p>Doc. dr. sc. Tajana Filipec Kani\u017eaj, dr. med., KB Merkur, Zaj\u010deva 19, Zagreb<\/p>\n<p>Aleksandar Gop\u010devi\u0107, dr. med., KBC Sestre milosrdnice, Vinogradska c. 29, Zagreb<\/p>\n<p>Zvjezdana Kotorac-Kre\u010dek, dr. med., OB Vara\u017edin, I. Me\u0161trovi\u0107a bb, Vara\u017edin<\/p>\n<p>Akademik Davor Mili\u010di\u0107, dr. med., KBC Zagreb, Ki\u0161pati\u0107eva 12, Zagreb<\/p>\n<p>Prof. dr. sc. \u017deljko Sutli\u0107, dr. med., KB Dubrava, Av. G. \u0160u\u0161ka 6, Zagreb<\/p>\n<p>Prof. dr. sc. Mate \u0160kegro, dr. med., KBC Zagreb, Ki\u0161pati\u0107eva 12, Zagreb<\/p>\n<p>Doc. dr. sc. Josip \u0160panjol, dr. med., KBC RIjeka, T. Stri\u017ei\u0107a 3, Rijeka<\/p>\n<p>Prim. doc. dr. sc. \u017deljko Vidas, dr. med., KB Merkur, Zaj\u010deva 19, Zagreb<\/p>\n<p>Prof. dr. sc. Lada Zibar, dr. med., KBC Osijek, J. Huttlera 4, Osijek<\/p>\n","protected":false},"excerpt":{"rendered":"<p>Predsjednik Prim. Branislav Kocman, dr. med., KB Merkur, Zaj\u010deva 19, Zagreb Prvi dopredsjednik Prof. dr. sc. \u017deljko Ka\u0161telan, dr. med., KBC Zagreb, Ki\u0161pati\u0107eva 12, Zagreb Drugi dopredsjednik Prof. dr. sc. \u017deljko \u017dupan, dr. med., KBC Rijeka, T. Stri\u017ei\u0107a 3, Rijeka Rizni\u010dar Dr. sc. Stipislav Jadrijevi\u0107, dr. med. prof. v.\u0161., KB Merkur, Zaj\u010deva 19, Zagreb Tajnik [&hellip;]<\/p>\n","protected":false},"author":1,"featured_media":0,"parent":0,"menu_order":0,"comment_status":"closed","ping_status":"closed","template":"","meta":[],"_links":{"self":[{"href":"https:\/\/hdtm.hr\/wordpress\/wp-json\/wp\/v2\/pages\/18"}],"collection":[{"href":"https:\/\/hdtm.hr\/wordpress\/wp-json\/wp\/v2\/pages"}],"about":[{"href":"https:\/\/hdtm.hr\/wordpress\/wp-json\/wp\/v2\/types\/page"}],"author":[{"embeddable":true,"href":"https:\/\/hdtm.hr\/wordpress\/wp-json\/wp\/v2\/users\/1"}],"replies":[{"embeddable":true,"href":"https:\/\/hdtm.hr\/wordpress\/wp-json\/wp\/v2\/comments?post=18"}],"version-history":[{"count":3,"href":"https:\/\/hdtm.hr\/wordpress\/wp-json\/wp\/v2\/pages\/18\/revisions"}],"predecessor-version":[{"id":36,"href":"https:\/\/hdtm.hr\/wordpress\/wp-json\/wp\/v2\/pages\/18\/revisions\/36"}],"wp:attachment":[{"href":"https:\/\/hdtm.hr\/wordpress\/wp-json\/wp\/v2\/media?parent=18"}],"curies":[{"name":"wp","href":"https:\/\/api.w.org\/{rel}","templated":true}]}}