{"id":14,"date":"2016-05-31T09:49:17","date_gmt":"2016-05-31T07:49:17","guid":{"rendered":"http:\/\/hdtm.hr\/?page_id=14"},"modified":"2016-06-29T14:53:06","modified_gmt":"2016-06-29T12:53:06","slug":"clanstvo","status":"publish","type":"page","link":"https:\/\/hdtm.hr\/wordpress\/clanstvo\/","title":{"rendered":"\u010clanstvo"},"content":{"rendered":"<h1 style=\"text-align: center;\">\u010cLANARINA za 2016.<\/h1>\n<h3>Upute za uplatu \u010dlanarine:<\/h3>\n<p>Primatelj: Hrvatski lije\u010dni\u010dki zbor \u2013 Hrvatsko dru\u0161tvo za transplantacijsku medicinu<\/p>\n<p>\u0160ubi\u0107eva 9<\/p>\n<p>Zagreb<\/p>\n<p>IBAN: HR7423600001101214818<\/p>\n<p>Poziv na broj: 268-734<\/p>\n<p>Iznos: 100 kn<\/p>\n<p>Opis pla\u0107anja: \u010clanarina za 2016.g.<\/p>\n<p>Obavezno upisati poziv na broj i ime uplatitelja<\/p>\n<p>&nbsp;<br \/>\nSvi \u010dlanovi Hrvatskog lije\u010dni\u010dkog zbora zainteresirani za transplantaciju mogu postati \u010dlanovi Hrvatskog dru\u0161tva za transplantacijsku medicinu. Uredno regulirano \u010dlanstvo u Zboru je preduvjet za \u010dlanstvo u HDTM. Godi\u0161nja \u010dlanarina iznosi 100 kn. Neke od pogodnosti pripadnosti najve\u0107em udru\u017eenju transplantacijskih stru\u010dnjaka u Hrvatskoj bit \u0107e popusti na pojedinim skupovima HDTM-a kao i sni\u017eeni iznos \u010dlanarine u ESOT- u. Ispunjavanjem pristupnice i reguliranjem \u010dlanarine postajete \u010dlanovi HDTM-a!<\/p>\n","protected":false},"excerpt":{"rendered":"<p>\u010cLANARINA za 2016. Upute za uplatu \u010dlanarine: Primatelj: Hrvatski lije\u010dni\u010dki zbor \u2013 Hrvatsko dru\u0161tvo za transplantacijsku medicinu \u0160ubi\u0107eva 9 Zagreb IBAN: HR7423600001101214818 Poziv na broj: 268-734 Iznos: 100 kn Opis pla\u0107anja: \u010clanarina za 2016.g. Obavezno upisati poziv na broj i ime uplatitelja &nbsp; Svi \u010dlanovi Hrvatskog lije\u010dni\u010dkog zbora zainteresirani za transplantaciju mogu postati \u010dlanovi Hrvatskog [&hellip;]<\/p>\n","protected":false},"author":1,"featured_media":0,"parent":0,"menu_order":0,"comment_status":"closed","ping_status":"closed","template":"","meta":[],"_links":{"self":[{"href":"https:\/\/hdtm.hr\/wordpress\/wp-json\/wp\/v2\/pages\/14"}],"collection":[{"href":"https:\/\/hdtm.hr\/wordpress\/wp-json\/wp\/v2\/pages"}],"about":[{"href":"https:\/\/hdtm.hr\/wordpress\/wp-json\/wp\/v2\/types\/page"}],"author":[{"embeddable":true,"href":"https:\/\/hdtm.hr\/wordpress\/wp-json\/wp\/v2\/users\/1"}],"replies":[{"embeddable":true,"href":"https:\/\/hdtm.hr\/wordpress\/wp-json\/wp\/v2\/comments?post=14"}],"version-history":[{"count":4,"href":"https:\/\/hdtm.hr\/wordpress\/wp-json\/wp\/v2\/pages\/14\/revisions"}],"predecessor-version":[{"id":91,"href":"https:\/\/hdtm.hr\/wordpress\/wp-json\/wp\/v2\/pages\/14\/revisions\/91"}],"wp:attachment":[{"href":"https:\/\/hdtm.hr\/wordpress\/wp-json\/wp\/v2\/media?parent=14"}],"curies":[{"name":"wp","href":"https:\/\/api.w.org\/{rel}","templated":true}]}}